{"id":77,"date":"2024-08-05T20:33:27","date_gmt":"2024-08-05T18:33:27","guid":{"rendered":"https:\/\/trikinlabbetskane.com\/web\/?page_id=77"},"modified":"2025-07-28T09:28:14","modified_gmt":"2025-07-28T07:28:14","slug":"priser","status":"publish","type":"page","link":"https:\/\/trikinlabbetskane.com\/web\/priser\/","title":{"rendered":"Priser"},"content":{"rendered":"<p>VILDSVIN<br \/>\nF\u00e4rska prover 110kr kr\/st<br \/>\nFrysta prover 150 kr\/st<br \/>\nAnnan del 150 kr\/st<\/p>\n<p>Skickar du in ett prov fr\u00e5n Annan del som dessutom varit fryst kostar<br \/>\ndessa 180kr\/st<\/p>\n<p>\u00d6VRIGA DJUR<br \/>\nF\u00e4rska prover 150 kr\/st<br \/>\nFrysta prover 180kr\/st<br \/>\nAnnan del 180kr\/st<\/p>\n<p>Skickar du in ett prov fr\u00e5n Annan del som dessutom varit fryst kostar<br \/>\ndessa 210kr\/st<\/p>\n<p><span style=\"color: #ff0000;\">Proverna kan skickas via post, l\u00e4ggas p\u00e5 l\u00e5dan utanf\u00f6r laboratoriet p\u00e5 pappersbruksv\u00e4gen 8G 28941 Broby eller l\u00e4ggas i l\u00e5dan utanf\u00f6r Christensens Bygg &amp; foder AB i H\u00e4stveda.\u00a0<\/span><\/p>\n","protected":false},"excerpt":{"rendered":"<p>VILDSVIN F\u00e4rska prover 110kr kr\/st Frysta prover 150 kr\/st Annan del 150 kr\/st Skickar du in ett prov fr\u00e5n Annan del som dessutom varit fryst kostar dessa 180kr\/st \u00d6VRIGA DJUR F\u00e4rska prover 150 kr\/st Frysta prover 180kr\/st Annan del 180kr\/st Skickar du in ett prov fr\u00e5n Annan del som dessutom varit fryst kostar dessa 210kr\/st [&hellip;]<\/p>\n","protected":false},"author":1,"featured_media":0,"parent":0,"menu_order":0,"comment_status":"closed","ping_status":"closed","template":"","meta":{"footnotes":""},"class_list":["post-77","page","type-page","status-publish","hentry"],"_links":{"self":[{"href":"https:\/\/trikinlabbetskane.com\/web\/wp-json\/wp\/v2\/pages\/77","targetHints":{"allow":["GET"]}}],"collection":[{"href":"https:\/\/trikinlabbetskane.com\/web\/wp-json\/wp\/v2\/pages"}],"about":[{"href":"https:\/\/trikinlabbetskane.com\/web\/wp-json\/wp\/v2\/types\/page"}],"author":[{"embeddable":true,"href":"https:\/\/trikinlabbetskane.com\/web\/wp-json\/wp\/v2\/users\/1"}],"replies":[{"embeddable":true,"href":"https:\/\/trikinlabbetskane.com\/web\/wp-json\/wp\/v2\/comments?post=77"}],"version-history":[{"count":9,"href":"https:\/\/trikinlabbetskane.com\/web\/wp-json\/wp\/v2\/pages\/77\/revisions"}],"predecessor-version":[{"id":206,"href":"https:\/\/trikinlabbetskane.com\/web\/wp-json\/wp\/v2\/pages\/77\/revisions\/206"}],"wp:attachment":[{"href":"https:\/\/trikinlabbetskane.com\/web\/wp-json\/wp\/v2\/media?parent=77"}],"curies":[{"name":"wp","href":"https:\/\/api.w.org\/{rel}","templated":true}]}}